{"id":265,"date":"2022-02-22T15:04:31","date_gmt":"2022-02-22T14:04:31","guid":{"rendered":"https:\/\/adamowkasmerek.pl\/?page_id=265"},"modified":"2024-04-30T14:19:23","modified_gmt":"2024-04-30T12:19:23","slug":"cennik","status":"publish","type":"page","link":"https:\/\/adamowkasmerek.pl\/en\/cennik\/","title":{"rendered":"Price list"},"content":{"rendered":"<section id=\"section-2-265\" class=\"ct-section\" style=\"background-image:linear-gradient(rgba(0,0,0,0.2), rgba(0,0,0,0.2)), url(https:\/\/adamowkasmerek.pl\/wp-content\/uploads\/2022\/02\/panoramicView.jpg);background-size:auto,  cover;\" ><div class=\"ct-section-inner-wrap\"><div id=\"text_block-3-265\" class=\"ct-text-block hero-title\" >Price list<\/div><\/div><\/section><section id=\"section-5-265\" class=\"ct-section\" ><div class=\"ct-section-inner-wrap\"><div id=\"div_block-6-265\" class=\"ct-div-block\" ><article id=\"div_block-220-265\" class=\"ct-div-block price-list-container\" ><div id=\"text_block-7-265\" class=\"ct-text-block section-title\" >Adam\u00f3wka Smerek \u2013 an all-year-round holiday house located in Bieszczady Mountains<br><\/div><ul id=\"div_block-12-265\" class=\"ct-div-block price-list\" ><li id=\"div_block-15-265\" class=\"ct-div-block price-item price-item--legend\" ><div id=\"div_block-18-265\" class=\"ct-div-block price-item-title\" ><div id=\"text_block-19-265\" class=\"ct-text-block txt txt--bold txt--big white\" >Stay\/Date<\/div><\/div><div id=\"div_block-22-265\" class=\"ct-div-block price-item-price\" ><div id=\"text_block-23-265\" class=\"ct-text-block txt txt--bold white\" >Price<\/div><\/div><\/li><li id=\"div_block-27-265\" class=\"ct-div-block price-item\" ><div id=\"div_block-28-265\" class=\"ct-div-block price-item-title\" ><div id=\"text_block-29-265\" class=\"ct-text-block txt txt--bold txt--big\" >Price up to 4 people<\/div><div id=\"text_block-143-265\" class=\"ct-text-block txt txt--price-date\" >&nbsp;(min. length of stay 3 nights)<\/div><\/div><div id=\"div_block-32-265\" class=\"ct-div-block price-item-price\" ><div id=\"text_block-33-265\" class=\"ct-text-block txt txt--bold txt--big\" >650z\u0142\/night<\/div><\/div><\/li><li id=\"div_block-36-265\" class=\"ct-div-block price-item\" ><div id=\"div_block-37-265\" class=\"ct-div-block price-item-title\" ><div id=\"text_block-38-265\" class=\"ct-text-block txt txt--bold txt--big\" >Price up to 7 people<\/div><div id=\"text_block-144-265\" class=\"ct-text-block txt txt--price-date\" >&nbsp;(min. length of stay 3 nights)<\/div><\/div><div id=\"div_block-41-265\" class=\"ct-div-block price-item-price\" ><div id=\"text_block-42-265\" class=\"ct-text-block txt txt--bold txt--big\" >800z\u0142\/night<\/div><\/div><\/li><\/ul><\/article><div id=\"div_block-245-265\" class=\"ct-div-block nf-button reservation__btn\"  data-adult_count=\"2\" data-offset_top=\"50px\" data-offset_bottom=\"50px\" data-offset_left=\"10%\" data-offset_right=\"10%\" data-settings-id=\"1038\"><div id=\"text_block-246-265\" class=\"ct-text-block\" >Reservation<br><\/div><\/div><article id=\"div_block-259-265\" class=\"ct-div-block price-list-container\" ><ul id=\"div_block-261-265\" class=\"ct-div-block price-list\" ><li id=\"div_block-262-265\" class=\"ct-div-block price-item price-item--legend\" ><div id=\"div_block-263-265\" class=\"ct-div-block price-item-title\" ><div id=\"text_block-264-265\" class=\"ct-text-block txt txt--bold txt--big white\" >Rodzaj<\/div><\/div><div id=\"div_block-265-265\" class=\"ct-div-block price-item-price\" ><div id=\"text_block-266-265\" class=\"ct-text-block txt txt--bold white\" >Price<\/div><\/div><\/li><li id=\"div_block-267-265\" class=\"ct-div-block price-item\" ><div id=\"div_block-268-265\" class=\"ct-div-block price-item-title\" ><div id=\"text_block-269-265\" class=\"ct-text-block txt txt--bold txt--big\" >Sauna<\/div><div id=\"text_block-270-265\" class=\"ct-text-block txt txt--price-date\" >nagrzanie Sauny i skorzystanie wedle potrzeby<\/div><\/div><div id=\"div_block-271-265\" class=\"ct-div-block price-item-price\" ><div id=\"text_block-272-265\" class=\"ct-text-block txt txt--bold txt--big\" >100z\u0142<\/div><\/div><\/li><li id=\"div_block-273-265\" class=\"ct-div-block price-item\" ><div id=\"div_block-274-265\" class=\"ct-div-block price-item-title\" ><div id=\"text_block-275-265\" class=\"ct-text-block txt txt--bold txt--big\" >Balia<\/div><div id=\"text_block-276-265\" class=\"ct-text-block txt txt--price-date\" >nagrzanie Balii i seans do 2h<\/div><\/div><div id=\"div_block-277-265\" class=\"ct-div-block price-item-price\" ><div id=\"text_block-278-265\" class=\"ct-text-block txt txt--bold txt--big\" >150z\u0142<\/div><\/div><\/li><li id=\"div_block-283-265\" class=\"ct-div-block price-item\" ><div id=\"div_block-284-265\" class=\"ct-div-block price-item-title\" ><div id=\"text_block-285-265\" class=\"ct-text-block txt txt--bold txt--big\" >Saun\u0119 i Bali\u0119 uruchamia Gospodarz, zdalnie, przez Aplikacj\u0119, na um\u00f3wion\u0105 wcze\u015bniej godzin\u0119.<\/div><\/div><\/li><\/ul><\/article><article id=\"div_block-225-265\" class=\"ct-div-block price-list-container\" ><div id=\"text_block-215-265\" class=\"ct-text-block section-title\" >Special dates<\/div><div id=\"text_block-218-265\" class=\"ct-text-block txt\" >The price is not subject to change in the case of a smaller number of people.<\/div><ul id=\"div_block-161-265\" class=\"ct-div-block price-list\" ><li id=\"div_block-162-265\" class=\"ct-div-block price-item price-item--legend\" ><div id=\"div_block-163-265\" class=\"ct-div-block price-item-title\" ><div id=\"text_block-164-265\" class=\"ct-text-block txt txt--bold txt--big white\" >Date<\/div><\/div><div id=\"div_block-165-265\" class=\"ct-div-block price-item-price\" ><div id=\"text_block-166-265\" class=\"ct-text-block txt txt--bold white\" >Price<\/div><\/div><\/li><li id=\"div_block-179-265\" class=\"ct-div-block price-item\" ><div id=\"div_block-180-265\" class=\"ct-div-block price-item-title\" ><div id=\"text_block-181-265\" class=\"ct-text-block txt txt--bold txt--big\" >Christmas time<\/div><div id=\"text_block-182-265\" class=\"ct-text-block txt txt--price-date\" >&nbsp;22.12-28-12 (min. length of stay 6 nights)<\/div><\/div><div id=\"div_block-183-265\" class=\"ct-div-block price-item-price\" ><div id=\"text_block-184-265\" class=\"ct-text-block txt txt--bold txt--big\" >1000 z\u0142\/night<\/div><\/div><\/li><li id=\"div_block-185-265\" class=\"ct-div-block price-item\" ><div id=\"div_block-186-265\" class=\"ct-div-block price-item-title\" ><div id=\"text_block-187-265\" class=\"ct-text-block txt txt--bold txt--big\" >New Year\u2019s Eve time<\/div><div id=\"text_block-188-265\" class=\"ct-text-block txt txt--price-date\" >28.12-02-01 (min. length of stay 5 nights)<\/div><\/div><div id=\"div_block-189-265\" class=\"ct-div-block price-item-price\" ><div id=\"text_block-190-265\" class=\"ct-text-block txt txt--bold txt--big\" >1450 z\u0142\/night<\/div><\/div><\/li><li id=\"div_block-191-265\" class=\"ct-div-block price-item\" ><div id=\"div_block-192-265\" class=\"ct-div-block price-item-title\" ><div id=\"text_block-193-265\" class=\"ct-text-block txt txt--bold txt--big\" >Winter holidays<\/div><div id=\"text_block-194-265\" class=\"ct-text-block txt txt--price-date\" >18.01-28.02 (min. length of stay 6 nights)&nbsp;<\/div><\/div><div id=\"div_block-195-265\" class=\"ct-div-block price-item-price\" ><div id=\"text_block-196-265\" class=\"ct-text-block txt txt--bold txt--big\" >900 z\u0142\/night<\/div><\/div><\/li><li id=\"div_block-197-265\" class=\"ct-div-block price-item\" ><div id=\"div_block-198-265\" class=\"ct-div-block price-item-title\" ><div id=\"text_block-199-265\" class=\"ct-text-block txt txt--bold txt--big\" >May long weekend<\/div><div id=\"text_block-200-265\" class=\"ct-text-block txt txt--price-date\" >30.04-05.05 (min. length of stay 5 nights)<\/div><\/div><div id=\"div_block-201-265\" class=\"ct-div-block price-item-price\" ><div id=\"text_block-202-265\" class=\"ct-text-block txt txt--bold txt--big\" >1000 z\u0142\/night<\/div><\/div><\/li><li id=\"div_block-203-265\" class=\"ct-div-block price-item\" ><div id=\"div_block-204-265\" class=\"ct-div-block price-item-title\" ><div id=\"text_block-205-265\" class=\"ct-text-block txt txt--bold txt--big\" >Holidays<\/div><div id=\"text_block-206-265\" class=\"ct-text-block txt txt--price-date\" >27.06-31.08 (min. length of stay 6 nights)<\/div><\/div><div id=\"div_block-207-265\" class=\"ct-div-block price-item-price\" ><div id=\"text_block-208-265\" class=\"ct-text-block txt txt--bold txt--big\" >900 z\u0142\/night<\/div><\/div><\/li><\/ul><\/article><div id=\"div_block-243-265\" class=\"ct-div-block nf-button reservation__btn\"  data-adult_count=\"2\" data-offset_top=\"50px\" data-offset_bottom=\"50px\" data-offset_left=\"10%\" data-offset_right=\"10%\" data-settings-id=\"1038\"><div id=\"text_block-244-265\" class=\"ct-text-block\" >Reservation<br><\/div><\/div><article id=\"div_block-312-265\" class=\"ct-div-block price-list-container\" ><ul id=\"div_block-313-265\" class=\"ct-div-block price-list\" ><li id=\"div_block-314-265\" class=\"ct-div-block price-item price-item--legend\" ><div id=\"div_block-315-265\" class=\"ct-div-block price-item-title\" ><div id=\"text_block-316-265\" class=\"ct-text-block txt txt--bold txt--big white\" >Rodzaj<\/div><\/div><div id=\"div_block-317-265\" class=\"ct-div-block price-item-price\" ><div id=\"text_block-318-265\" class=\"ct-text-block txt txt--bold white\" >Price<\/div><\/div><\/li><li id=\"div_block-319-265\" class=\"ct-div-block price-item\" ><div id=\"div_block-320-265\" class=\"ct-div-block price-item-title\" ><div id=\"text_block-321-265\" class=\"ct-text-block txt txt--bold txt--big\" >Sauna<\/div><div id=\"text_block-322-265\" class=\"ct-text-block txt txt--price-date\" >nagrzanie Sauny i skorzystanie wedle potrzeby<\/div><\/div><div id=\"div_block-323-265\" class=\"ct-div-block price-item-price\" ><div id=\"text_block-324-265\" class=\"ct-text-block txt txt--bold txt--big\" >100z\u0142<\/div><\/div><\/li><li id=\"div_block-325-265\" class=\"ct-div-block price-item\" ><div id=\"div_block-326-265\" class=\"ct-div-block price-item-title\" ><div id=\"text_block-327-265\" class=\"ct-text-block txt txt--bold txt--big\" >Balia<\/div><div id=\"text_block-328-265\" class=\"ct-text-block txt txt--price-date\" >nagrzanie Balii i seans do 2h<\/div><\/div><div id=\"div_block-329-265\" class=\"ct-div-block price-item-price\" ><div id=\"text_block-330-265\" class=\"ct-text-block txt txt--bold txt--big\" >150z\u0142<\/div><\/div><\/li><li id=\"div_block-331-265\" class=\"ct-div-block price-item\" ><div id=\"div_block-332-265\" class=\"ct-div-block price-item-title\" ><div id=\"text_block-333-265\" class=\"ct-text-block txt txt--bold txt--big\" >Saun\u0119 i Bali\u0119 uruchamia Gospodarz, zdalnie, przez Aplikacj\u0119, na um\u00f3wion\u0105 wcze\u015bniej godzin\u0119.<\/div><\/div><\/li><\/ul><\/article><\/div><\/div><\/section><section id=\"section-103-265\" class=\"ct-section\" ><div class=\"ct-section-inner-wrap\"><div id=\"div_block-104-265\" class=\"ct-div-block\" ><div id=\"text_block-105-265\" class=\"ct-text-block section-title\" >Additional information:<br><\/div><div id=\"text_block-107-265\" class=\"ct-text-block txt-dist\" >Make a reservation:<\/div><div id=\"div_block-111-265\" class=\"ct-div-block\" ><div id=\"div_block-115-265\" class=\"ct-div-block nf-button\"  data-adult_count=\"7\" data-offset_top=\"10%\" data-offset_bottom=\"10%\" data-offset_left=\"50px\" data-offset_right=\"50px\" data-settings-id=\"1038\"><div id=\"text_block-113-265\" class=\"ct-text-block btn-underline--dark\" >Through our website<\/div><\/div><a id=\"link_text-118-265\" class=\"ct-link-text btn-underline--dark all\" href=\"tel: 48 516 169 491\" target=\"_self\"  >By phone <span id=\"span-120-265\" class=\"ct-span\" >+48 516 169 491<\/span><\/a><a id=\"link_text-241-265\" class=\"ct-link-text btn-underline--dark swedish-only\" href=\"tel: 46 702 135 709\" target=\"_self\"  >By phone <span id=\"span-242-265\" class=\"ct-span\" >+48 516 169 491<\/span><\/a><a id=\"link_text-122-265\" class=\"ct-link-text btn-underline--dark\" href=\"mailto:adamowka.smerek@interia.pl\" target=\"_self\"  >By e-mail <span id=\"span-123-265\" class=\"ct-span\" >adamowka.smerek@interia.pl<\/span><\/a><div id=\"text_block-127-265\" class=\"ct-text-block btn-underline--dark\" >By Messenger<\/div><\/div><div id=\"div_block-137-265\" class=\"ct-div-block\" ><div id=\"div_block-238-265\" class=\"ct-div-block\" ><div id=\"text_block-136-265\" class=\"ct-text-block txt-dist txt--bold\" >No pets allowed<\/div><\/div><div id=\"text_block-131-265\" class=\"ct-text-block txt translation-block\" >Payment of a deposit of 50% of the agreed amount within 3 working days is the confirmation of the reservation and at the same time acceptance of the Regulations.\nThe remaining amount will be settled on the spot, on the day of arrival, in cash. <br>\n<br>\nThe down payment is non-refundable, unless the reservation is cancelled at least 30 days\nbefore the planned start of the stay. In this case, 50% of the amount paid is refundable. The down payment is returned in full if the service is not provided due to the fault of the property. <br>\n<br>\nThe check-in starts at 4 p.m. on arrival day and the check-out ends at 10:00 a.m. on the day of departure. <br>\n<br>\nWhen possible and by prior arrangement with the host, early check-in and late check-out is possible.<\/div><\/div><\/div><\/div><\/section>","protected":false},"excerpt":{"rendered":"","protected":false},"author":3,"featured_media":262,"parent":0,"menu_order":0,"comment_status":"closed","ping_status":"closed","template":"","meta":{"_acf_changed":false,"footnotes":""},"class_list":["post-265","page","type-page","status-publish","has-post-thumbnail","hentry"],"acf":[],"yoast_head":"<!-- This site is optimized with the Yoast SEO plugin v23.3 - https:\/\/yoast.com\/wordpress\/plugins\/seo\/ -->\n<title>Cennik - Adam\u00f3wka Smerek<\/title>\n<meta name=\"robots\" content=\"index, follow, max-snippet:-1, max-image-preview:large, max-video-preview:-1\" \/>\n<link rel=\"canonical\" href=\"https:\/\/adamowkasmerek.pl\/en\/cennik\/\" \/>\n<meta property=\"og:locale\" content=\"en_GB\" \/>\n<meta property=\"og:type\" content=\"article\" \/>\n<meta property=\"og:title\" content=\"Cennik - Adam\u00f3wka Smerek\" \/>\n<meta property=\"og:url\" content=\"https:\/\/adamowkasmerek.pl\/en\/cennik\/\" \/>\n<meta property=\"og:site_name\" content=\"Adam\u00f3wka Smerek\" \/>\n<meta property=\"article:modified_time\" content=\"2024-04-30T12:19:23+00:00\" \/>\n<meta property=\"og:image\" content=\"https:\/\/adamowkasmerek.pl\/wp-content\/uploads\/2022\/02\/panoramicView.jpg\" \/>\n\t<meta property=\"og:image:width\" content=\"2500\" \/>\n\t<meta property=\"og:image:height\" content=\"557\" \/>\n\t<meta property=\"og:image:type\" content=\"image\/jpeg\" \/>\n<meta name=\"twitter:card\" content=\"summary_large_image\" \/>\n<script type=\"application\/ld+json\" class=\"yoast-schema-graph\">{\"@context\":\"https:\/\/schema.org\",\"@graph\":[{\"@type\":\"WebPage\",\"@id\":\"https:\/\/adamowkasmerek.pl\/cennik\/\",\"url\":\"https:\/\/adamowkasmerek.pl\/cennik\/\",\"name\":\"Cennik - Adam\u00f3wka Smerek\",\"isPartOf\":{\"@id\":\"https:\/\/adamowkasmerek.pl\/#website\"},\"primaryImageOfPage\":{\"@id\":\"https:\/\/adamowkasmerek.pl\/cennik\/#primaryimage\"},\"image\":{\"@id\":\"https:\/\/adamowkasmerek.pl\/cennik\/#primaryimage\"},\"thumbnailUrl\":\"https:\/\/adamowkasmerek.pl\/wp-content\/uploads\/2022\/02\/panoramicView.jpg\",\"datePublished\":\"2022-02-22T14:04:31+00:00\",\"dateModified\":\"2024-04-30T12:19:23+00:00\",\"breadcrumb\":{\"@id\":\"https:\/\/adamowkasmerek.pl\/cennik\/#breadcrumb\"},\"inLanguage\":\"en-GB\",\"potentialAction\":[{\"@type\":\"ReadAction\",\"target\":[\"https:\/\/adamowkasmerek.pl\/cennik\/\"]}]},{\"@type\":\"ImageObject\",\"inLanguage\":\"en-GB\",\"@id\":\"https:\/\/adamowkasmerek.pl\/cennik\/#primaryimage\",\"url\":\"https:\/\/adamowkasmerek.pl\/wp-content\/uploads\/2022\/02\/panoramicView.jpg\",\"contentUrl\":\"https:\/\/adamowkasmerek.pl\/wp-content\/uploads\/2022\/02\/panoramicView.jpg\",\"width\":2500,\"height\":557},{\"@type\":\"BreadcrumbList\",\"@id\":\"https:\/\/adamowkasmerek.pl\/cennik\/#breadcrumb\",\"itemListElement\":[{\"@type\":\"ListItem\",\"position\":1,\"name\":\"Strona g\u0142\u00f3wna\",\"item\":\"https:\/\/adamowkasmerek.pl\/\"},{\"@type\":\"ListItem\",\"position\":2,\"name\":\"Cennik\"}]},{\"@type\":\"WebSite\",\"@id\":\"https:\/\/adamowkasmerek.pl\/#website\",\"url\":\"https:\/\/adamowkasmerek.pl\/\",\"name\":\"Adam\u00f3wka Smerek\",\"description\":\"Noclegi w Bieszczadach\",\"potentialAction\":[{\"@type\":\"SearchAction\",\"target\":{\"@type\":\"EntryPoint\",\"urlTemplate\":\"https:\/\/adamowkasmerek.pl\/?s={search_term_string}\"},\"query-input\":\"required name=search_term_string\"}],\"inLanguage\":\"en-GB\"}]}<\/script>\n<!-- \/ Yoast SEO plugin. -->","yoast_head_json":{"title":"Cennik - Adam\u00f3wka Smerek","robots":{"index":"index","follow":"follow","max-snippet":"max-snippet:-1","max-image-preview":"max-image-preview:large","max-video-preview":"max-video-preview:-1"},"canonical":"https:\/\/adamowkasmerek.pl\/en\/cennik\/","og_locale":"en_GB","og_type":"article","og_title":"Cennik - Adam\u00f3wka Smerek","og_url":"https:\/\/adamowkasmerek.pl\/en\/cennik\/","og_site_name":"Adam\u00f3wka Smerek","article_modified_time":"2024-04-30T12:19:23+00:00","og_image":[{"width":2500,"height":557,"url":"https:\/\/adamowkasmerek.pl\/wp-content\/uploads\/2022\/02\/panoramicView.jpg","type":"image\/jpeg"}],"twitter_card":"summary_large_image","schema":{"@context":"https:\/\/schema.org","@graph":[{"@type":"WebPage","@id":"https:\/\/adamowkasmerek.pl\/cennik\/","url":"https:\/\/adamowkasmerek.pl\/cennik\/","name":"Cennik - Adam\u00f3wka Smerek","isPartOf":{"@id":"https:\/\/adamowkasmerek.pl\/#website"},"primaryImageOfPage":{"@id":"https:\/\/adamowkasmerek.pl\/cennik\/#primaryimage"},"image":{"@id":"https:\/\/adamowkasmerek.pl\/cennik\/#primaryimage"},"thumbnailUrl":"https:\/\/adamowkasmerek.pl\/wp-content\/uploads\/2022\/02\/panoramicView.jpg","datePublished":"2022-02-22T14:04:31+00:00","dateModified":"2024-04-30T12:19:23+00:00","breadcrumb":{"@id":"https:\/\/adamowkasmerek.pl\/cennik\/#breadcrumb"},"inLanguage":"en-GB","potentialAction":[{"@type":"ReadAction","target":["https:\/\/adamowkasmerek.pl\/cennik\/"]}]},{"@type":"ImageObject","inLanguage":"en-GB","@id":"https:\/\/adamowkasmerek.pl\/cennik\/#primaryimage","url":"https:\/\/adamowkasmerek.pl\/wp-content\/uploads\/2022\/02\/panoramicView.jpg","contentUrl":"https:\/\/adamowkasmerek.pl\/wp-content\/uploads\/2022\/02\/panoramicView.jpg","width":2500,"height":557},{"@type":"BreadcrumbList","@id":"https:\/\/adamowkasmerek.pl\/cennik\/#breadcrumb","itemListElement":[{"@type":"ListItem","position":1,"name":"Strona g\u0142\u00f3wna","item":"https:\/\/adamowkasmerek.pl\/"},{"@type":"ListItem","position":2,"name":"Cennik"}]},{"@type":"WebSite","@id":"https:\/\/adamowkasmerek.pl\/#website","url":"https:\/\/adamowkasmerek.pl\/","name":"Adam\u00f3wka Smerek","description":"Noclegi w Bieszczadach","potentialAction":[{"@type":"SearchAction","target":{"@type":"EntryPoint","urlTemplate":"https:\/\/adamowkasmerek.pl\/?s={search_term_string}"},"query-input":"required name=search_term_string"}],"inLanguage":"en-GB"}]}},"_links":{"self":[{"href":"https:\/\/adamowkasmerek.pl\/en\/wp-json\/wp\/v2\/pages\/265"}],"collection":[{"href":"https:\/\/adamowkasmerek.pl\/en\/wp-json\/wp\/v2\/pages"}],"about":[{"href":"https:\/\/adamowkasmerek.pl\/en\/wp-json\/wp\/v2\/types\/page"}],"author":[{"embeddable":true,"href":"https:\/\/adamowkasmerek.pl\/en\/wp-json\/wp\/v2\/users\/3"}],"replies":[{"embeddable":true,"href":"https:\/\/adamowkasmerek.pl\/en\/wp-json\/wp\/v2\/comments?post=265"}],"version-history":[{"count":3,"href":"https:\/\/adamowkasmerek.pl\/en\/wp-json\/wp\/v2\/pages\/265\/revisions"}],"predecessor-version":[{"id":437,"href":"https:\/\/adamowkasmerek.pl\/en\/wp-json\/wp\/v2\/pages\/265\/revisions\/437"}],"wp:featuredmedia":[{"embeddable":true,"href":"https:\/\/adamowkasmerek.pl\/en\/wp-json\/wp\/v2\/media\/262"}],"wp:attachment":[{"href":"https:\/\/adamowkasmerek.pl\/en\/wp-json\/wp\/v2\/media?parent=265"}],"curies":[{"name":"wp","href":"https:\/\/api.w.org\/{rel}","templated":true}]}}