{"id":18,"date":"2022-02-08T14:45:57","date_gmt":"2022-02-08T13:45:57","guid":{"rendered":"https:\/\/adamowkasmerek.pl\/?page_id=18"},"modified":"2023-05-12T14:54:39","modified_gmt":"2023-05-12T12:54:39","slug":"wnetrza","status":"publish","type":"page","link":"https:\/\/adamowkasmerek.pl\/fr\/wnetrza\/","title":{"rendered":"Int\u00e9rieur"},"content":{"rendered":"<section id=\"section-2-18\" class=\"ct-section\" ><div class=\"ct-section-inner-wrap\">\n\t\t<div id=\"-carousel-builder-3-18\" class=\"oxy-carousel-builder\" ><div class=\"oxy-carousel-builder_inner oxy-inner-content\" data-prev=\".oxy-carousel-builder_prev\" data-next=\".oxy-carousel-builder_next\" data-contain=\"true\" data-percent=\"true\" data-freescroll=\"false\" data-draggable=\"true\" data-wraparound=\"true\" data-carousel=\".oxy-dynamic-list\" data-cell=\"\" data-dragthreshold=\"3\" data-selectedattraction=\"0.025\" data-friction=\"0.28\" data-freescrollfriction=\"0.075\" data-forceheight=\"false\" data-fade=\"true\" data-tickerpause=\"true\" data-groupcells=\"1\" data-autoplay=\"4000\" data-pauseautoplay=\"true\" data-hash=\"false\" data-initial=\"1\" data-accessibility=\"true\" data-cellalign=\"left\" data-righttoleft=\"false\" data-images-loaded=\"true\" data-pagedots=\"false\" data-trigger-aos=\"false\" data-clickselect=\"false\" data-tick=\"false\" ><div id=\"_dynamic_list-4-18\" class=\"oxy-dynamic-list\"><div id=\"div_block-5-18-1\" class=\"ct-div-block cell-about\" style=\"background-image:url(https:\/\/adamowkasmerek.pl\/wp-content\/uploads\/2023\/05\/IMG_4346-HDR-&mdash;-kopia-Duzy-min-1.jpg);background-size: cover;\" data-id=\"div_block-5-18\"><\/div><div id=\"div_block-5-18-2\" class=\"ct-div-block cell-about\" style=\"background-image:url(https:\/\/adamowkasmerek.pl\/wp-content\/uploads\/2023\/05\/IMG_4329-HDR-Duzy-min-1.jpg);background-size: cover;\" data-id=\"div_block-5-18\"><\/div><div id=\"div_block-5-18-3\" class=\"ct-div-block cell-about\" style=\"background-image:url(https:\/\/adamowkasmerek.pl\/wp-content\/uploads\/2023\/05\/w2.jpg);background-size: cover;\" data-id=\"div_block-5-18\"><\/div><\/div>\n<\/div><div class=\"oxy-carousel-builder_icon oxy-carousel-builder_prev\"><svg id=\"prev-carousel-builder-3-18\"><use xlink:href=\"#FontAwesomeicon-chevron-left\"><\/use><\/svg><\/span><\/div><div class=\"oxy-carousel-builder_icon oxy-carousel-builder_next\"><svg id=\"next-carousel-builder-3-18\"><use xlink:href=\"#FontAwesomeicon-chevron-right\"><\/use><\/svg><\/span><\/div><\/div>\n\n\t\t<div id=\"div_block-6-18\" class=\"ct-div-block\" ><div id=\"text_block-7-18\" class=\"ct-text-block section-title\" >Int\u00e9rieur<br><\/div><div id=\"text_block-8-18\" class=\"ct-text-block txt-dist\" >Adam\u00f3wka Smerek<\/div><div id=\"text_block-9-18\" class=\"ct-text-block txt\" ><div>A la disposition des h\u00f4tes il y a 2 chambres dans le grenier, une cuisine spacieuse et enti\u00e8rement \u00e9quip\u00e9e, une salle de s\u00e9jour avec une chemin\u00e9e o\u00f9 on trouvera un lit double, un canap\u00e9 et un fauteuil. La salle de bain se trouve en bas et des toilettes suppl\u00e9mentaire se trouvent \u00e0 l\u2019\u00e9tage.<\/div><\/div><\/div><\/div><\/section><section id=\"section-22-18\" class=\"ct-section\" ><div class=\"ct-section-inner-wrap\"><div id=\"new_columns-23-18\" class=\"ct-new-columns\" ><div id=\"div_block-24-18\" class=\"ct-div-block\" ><div id=\"div_block-25-18\" class=\"ct-div-block\" ><div id=\"text_block-26-18\" class=\"ct-text-block section-title white\" >Chambre avec balcon<\/div><div id=\"text_block-27-18\" class=\"ct-text-block white txt-dist\" >Vue sur les montagnes<br><\/div><div id=\"text_block-49-18\" class=\"ct-text-block txt white\" ><div>Une chambre \u00e9l\u00e9gante avec un balcon. Dans la chambre se trouve un lit double de 140x200 cm.&nbsp;<\/div>Il est possible de mettre un lit suppl\u00e9mentaire de 90x200 cm.<br>La chambre dispose de:  linge de lit + serviettes de bain + couvertures.<div>L\u2019intimit\u00e9 est assur\u00e9e gr\u00e2ce \u00e0 des rideaux blackout.<\/div><\/div><\/div><\/div><div id=\"div_block-40-18\" class=\"ct-div-block\" ><div id=\"div_block-41-18\" class=\"ct-div-block fadeUp\" ><img decoding=\"async\"  id=\"image-42-18\" alt=\"\" src=\"https:\/\/adamowkasmerek.pl\/wp-content\/uploads\/2023\/05\/IMG_4350-HDR-Sredni.jpg\" class=\"ct-image cover-img\"\/><\/div><div id=\"div_block-43-18\" class=\"ct-div-block fadeUp\" ><img decoding=\"async\"  id=\"image-44-18\" alt=\"\" src=\"https:\/\/adamowkasmerek.pl\/wp-content\/uploads\/2022\/02\/Adamowka-Smerek-sypialnia-z-balkonem-wysoki-standard-min-min.jpg\" class=\"ct-image cover-img\"\/><\/div><\/div><\/div><div id=\"new_columns-53-18\" class=\"ct-new-columns\" ><div id=\"div_block-59-18\" class=\"ct-div-block\" ><div id=\"div_block-60-18\" class=\"ct-div-block fadeUp\" ><img decoding=\"async\"  id=\"image-61-18\" alt=\"\" src=\"https:\/\/adamowkasmerek.pl\/wp-content\/uploads\/2023\/05\/IMG_4329-HDR-Duzy-min-1.jpg\" class=\"ct-image cover-img\"\/><\/div><div id=\"div_block-62-18\" class=\"ct-div-block fadeUp\" ><img decoding=\"async\"  id=\"image-63-18\" alt=\"\" src=\"https:\/\/adamowkasmerek.pl\/wp-content\/uploads\/2022\/02\/Adamowka-Smerek-sypialnia-z-hustawka-wysoki-standard-1920-min.jpg\" class=\"ct-image cover-img\"\/><\/div><\/div><div id=\"div_block-54-18\" class=\"ct-div-block\" ><div id=\"div_block-55-18\" class=\"ct-div-block\" ><div id=\"text_block-56-18\" class=\"ct-text-block section-title white\" >Chambre avec balan\u00e7oire<\/div><div id=\"text_block-57-18\" class=\"ct-text-block white txt-dist\" >Une chambre spacieuse<br><\/div><div id=\"text_block-58-18\" class=\"ct-text-block txt white\" ><div>Une chambre spacieuse avec un lit double de 140x200 cm et un lit simple de100x200 cm. Il est possible de mettre un lit suppl\u00e9mentaire de 90x200 cm.<\/div><br>La chambre dispose de:  linge de lit + serviettes de bain + couvertures.<div>L\u2019intimit\u00e9 est assur\u00e9e gr\u00e2ce \u00e0 des rideaux blackout.<br><\/div><\/div><\/div><\/div><\/div><\/div><\/section><section id=\"section-65-18\" class=\"ct-section\" ><div class=\"ct-section-inner-wrap\"><div id=\"new_columns-66-18\" class=\"ct-new-columns\" ><div id=\"div_block-67-18\" class=\"ct-div-block\" ><div id=\"div_block-68-18\" class=\"ct-div-block\" ><div id=\"text_block-69-18\" class=\"ct-text-block section-title\" >Salle de s\u00e9jour avec une chemin\u00e9e<br><\/div><div id=\"text_block-70-18\" class=\"ct-text-block txt-dist\" >Un int\u00e9rieur confortable<\/div><div id=\"text_block-71-18\" class=\"ct-text-block txt\" >Nous avons cr\u00e9\u00e9 une salle de s\u00e9jour confortable et accueillante, o\u00f9 l\u2019on peut se d\u00e9tendre en admirant de formidables vues par la fen\u00eatre et se r\u00e9chauffer pr\u00e8s du feu de la chemin\u00e9e. Pendant les jours pluvieux, des jeux de soci\u00e9t\u00e9, des puzzles et une bibliot\u00e8que remplie de livres sont mis \u00e0 disposition de nos h\u00f4tes.&nbsp;&nbsp;<\/div><\/div><div id=\"div_block-72-18\" class=\"ct-div-block fadeUp\" >\n\t\t<div id=\"-carousel-builder-181-18\" class=\"oxy-carousel-builder\" ><div class=\"oxy-carousel-builder_inner oxy-inner-content\" data-prev=\".oxy-carousel-builder_prev\" data-next=\".oxy-carousel-builder_next\" data-contain=\"true\" data-percent=\"true\" data-freescroll=\"false\" data-draggable=\"false\" data-wraparound=\"true\" data-carousel=\".oxy-dynamic-list\" data-cell=\"\" data-dragthreshold=\"3\" data-selectedattraction=\"0.025\" data-friction=\"0.28\" data-freescrollfriction=\"0.075\" data-forceheight=\"false\" data-fade=\"true\" data-tickerpause=\"true\" data-groupcells=\"1\" data-autoplay=\"6000\" data-pauseautoplay=\"true\" data-hash=\"false\" data-initial=\"1\" data-accessibility=\"true\" data-cellalign=\"center\" data-righttoleft=\"false\" data-images-loaded=\"true\" data-pagedots=\"false\" data-trigger-aos=\"false\" data-clickselect=\"false\" data-tick=\"false\" ><div id=\"_dynamic_list-182-18\" class=\"oxy-dynamic-list\"><div id=\"div_block-184-18-1\" class=\"ct-div-block\" data-id=\"div_block-184-18\"><img decoding=\"async\" id=\"image-189-18-1\" alt=\"\" src=\"https:\/\/adamowkasmerek.pl\/wp-content\/uploads\/2023\/05\/IMG_4382-HDR-Duzy-min.jpg\" class=\"ct-image cover-img\" data-id=\"image-189-18\"><\/div><div id=\"div_block-184-18-2\" class=\"ct-div-block\" data-id=\"div_block-184-18\"><img decoding=\"async\" id=\"image-189-18-2\" alt=\"\" src=\"https:\/\/adamowkasmerek.pl\/wp-content\/uploads\/2023\/05\/w1.jpg\" class=\"ct-image cover-img\" data-id=\"image-189-18\"><\/div><div id=\"div_block-184-18-3\" class=\"ct-div-block\" data-id=\"div_block-184-18\"><img decoding=\"async\" id=\"image-189-18-3\" alt=\"\" src=\"https:\/\/adamowkasmerek.pl\/wp-content\/uploads\/2023\/05\/w5-Duzy-min.jpg\" class=\"ct-image cover-img\" data-id=\"image-189-18\"><\/div><\/div>\n<\/div><div class=\"oxy-carousel-builder_icon oxy-carousel-builder_prev\"><svg id=\"prev-carousel-builder-181-18\"><use xlink:href=\"#FontAwesomeicon-chevron-left\"><\/use><\/svg><\/span><\/div><div class=\"oxy-carousel-builder_icon oxy-carousel-builder_next\"><svg id=\"next-carousel-builder-181-18\"><use xlink:href=\"#FontAwesomeicon-chevron-right\"><\/use><\/svg><\/span><\/div><\/div>\n\n\t\t<\/div><\/div><div id=\"div_block-73-18\" class=\"ct-div-block\" ><div id=\"div_block-74-18\" class=\"ct-div-block fadeUp\" ><img decoding=\"async\"  id=\"image-75-18\" alt=\"\" src=\"https:\/\/adamowkasmerek.pl\/wp-content\/uploads\/2022\/02\/Adamoka-Smerek-dom-w-Bieszczadach-luksusowa-stylowa-komoda-768.jpg\" class=\"ct-image cover-img\"\/><\/div><div id=\"div_block-76-18\" class=\"ct-div-block\" ><div id=\"text_block-78-18\" class=\"ct-text-block section-title white\" >Equipements<\/div><div id=\"text_block-79-18\" class=\"ct-text-block txt-dist white\" >Salle de s\u00e9jour avec une chemin\u00e9e<\/div><div id=\"text_block-80-18\" class=\"ct-text-block txt white\" ><div>Salle de s\u00e9jour est une combinaison de commodit\u00e9s et de fonctionnalit\u00e9s. Ici, on peut trouver un canap\u00e9 confortable, un fauteuil, une table avec 6 chaises (possibilit\u00e9 de d\u00e9plier pour 8 chaises).<br><\/div><div>Nos h\u00f4tes profiteront aussi de  la t\u00e9l\u00e9 par satellite,  de la  WIFI.<\/div><br><br><div><span style=\"background-color: transparent;\">Pour les plus exigeants, des jeux de soci\u00e9t\u00e9, des puzzles et une bibliot\u00e8que remplie de livres sont mis \u00e0 disposition.<\/span><br><\/div><\/div><\/div><\/div><\/div><\/div><\/section><section id=\"section-95-18\" class=\"ct-section\" ><div class=\"ct-section-inner-wrap\"><div id=\"div_block-88-18\" class=\"ct-div-block\" ><div id=\"text_block-89-18\" class=\"ct-text-block section-title white\" >Salle de bain<\/div><div id=\"text_block-91-18\" class=\"ct-text-block txt white\" ><div>Nous offrons \u00e0 nos h\u00f4tes une salle de bain avec une douche et une baignoire. La salle de bain est \u00e9quip\u00e9e d\u2019une machine \u00e0 laver et d\u2019un s\u00e8che-cheveux.&nbsp;<\/div>&nbsp;Nos h\u00f4tes vont trouver ici des serviettes fraiches, les produits de nettoyage et les articles de toilette de base.<br><div>Des toilettes suppl\u00e9mentaires se trouvent \u00e0 l\u2019\u00e9tage.<br><\/div><\/div><\/div><div id=\"div_block-168-18\" class=\"ct-div-block\" >\n\t\t<div id=\"-carousel-builder-170-18\" class=\"oxy-carousel-builder\" ><div class=\"oxy-carousel-builder_inner oxy-inner-content\" data-prev=\".oxy-carousel-builder_prev\" data-next=\".oxy-carousel-builder_next\" data-contain=\"true\" data-percent=\"true\" data-freescroll=\"false\" data-draggable=\"true\" data-wraparound=\"true\" data-carousel=\".oxy-inner-content\" data-cell=\".cell\" data-dragthreshold=\"3\" data-selectedattraction=\"0.025\" data-friction=\"0.28\" data-freescrollfriction=\"0.075\" data-forceheight=\"false\" data-fade=\"true\" data-tickerpause=\"true\" data-groupcells=\"1\" data-autoplay=\"6000\" data-pauseautoplay=\"true\" data-hash=\"false\" data-initial=\"1\" data-accessibility=\"true\" data-cellalign=\"center\" data-righttoleft=\"false\" data-images-loaded=\"true\" data-pagedots=\"false\" data-trigger-aos=\"false\" data-clickselect=\"false\" data-tick=\"false\" ><div id=\"div_block-176-18\" class=\"ct-div-block cell cell-kitchen\" ><img decoding=\"async\"  id=\"image-177-18\" alt=\"\" src=\"https:\/\/adamowkasmerek.pl\/wp-content\/uploads\/2022\/02\/Adamowka-Smerek-dom-caloroczny-Bieszczady-lazienka-wysoki-standard-768.jpg\" class=\"ct-image cover-img\"\/><\/div><div id=\"div_block-174-18\" class=\"ct-div-block cell cell-kitchen\" ><img decoding=\"async\"  id=\"image-175-18\" alt=\"\" src=\"https:\/\/adamowkasmerek.pl\/wp-content\/uploads\/2022\/02\/Adamowka-Smerek-dom-caloroczny-w-Bieszczadach-stylowa-lazienka-1200.jpg\" class=\"ct-image cover-img\"\/><\/div><div id=\"div_block-171-18\" class=\"ct-div-block cell cell-kitchen\" ><img decoding=\"async\"  id=\"image-173-18\" alt=\"\" src=\"https:\/\/adamowkasmerek.pl\/wp-content\/uploads\/2022\/02\/Adamowka-Smerek-dom-caloroczny-w-Bieszczadach-ubikacja-kamien-i-drewno-1920.jpg\" class=\"ct-image cover-img\"\/><\/div><\/div><div class=\"oxy-carousel-builder_icon oxy-carousel-builder_prev\"><svg id=\"prev-carousel-builder-170-18\"><use xlink:href=\"#FontAwesomeicon-chevron-left\"><\/use><\/svg><\/span><\/div><div class=\"oxy-carousel-builder_icon oxy-carousel-builder_next\"><svg id=\"next-carousel-builder-170-18\"><use xlink:href=\"#FontAwesomeicon-chevron-right\"><\/use><\/svg><\/span><\/div><\/div>\n\n\t\t<\/div><\/div><\/section><section id=\"section-104-18\" class=\"ct-section\" ><div class=\"ct-section-inner-wrap\"><div id=\"div_block-109-18\" class=\"ct-div-block\" ><img decoding=\"async\"  id=\"image-110-18\" alt=\"\" src=\"https:\/\/adamowkasmerek.pl\/wp-content\/uploads\/2023\/05\/IMG_4370-HDR-Sredni.jpg\" class=\"ct-image cover-img\"\/><\/div><div id=\"div_block-105-18\" class=\"ct-div-block\" ><div id=\"text_block-106-18\" class=\"ct-text-block section-title\" >Cuisine<\/div><div id=\"text_block-165-18\" class=\"ct-text-block txt-dist\" >Enti\u00e8rement \u00e9quip\u00e9e<\/div><div id=\"text_block-107-18\" class=\"ct-text-block txt\" ><div>Une cuisine enti\u00e8rement \u00e9quip\u00e9e permettra \u00e0 nos hotes de pr\u00e9parer leurs repas pr\u00e9f\u00e9res.<\/div><\/div><ul id=\"div_block-111-18\" class=\"ct-div-block\" ><li id=\"div_block-114-18\" class=\"ct-div-block kitchen-feature\" ><div id=\"fancy_icon-117-18\" class=\"ct-fancy-icon kitchen-feature__icon\" ><svg id=\"svg-fancy_icon-117-18\"><use xlink:href=\"#Ikonyicon-Artboard-1\"><\/use><\/svg><\/div><div id=\"text_block-118-18\" class=\"ct-text-block kitchen-feature__txt\" >Frigo<\/div><\/li><li id=\"div_block-120-18\" class=\"ct-div-block kitchen-feature\" ><div id=\"fancy_icon-121-18\" class=\"ct-fancy-icon kitchen-feature__icon\" ><svg id=\"svg-fancy_icon-121-18\"><use xlink:href=\"#FontAwesomeicon-cutlery\"><\/use><\/svg><\/div><div id=\"text_block-122-18\" class=\"ct-text-block kitchen-feature__txt\" >Lave-vaisselle<\/div><\/li><li id=\"div_block-123-18\" class=\"ct-div-block kitchen-feature\" ><div id=\"fancy_icon-124-18\" class=\"ct-fancy-icon kitchen-feature__icon\" ><svg id=\"svg-fancy_icon-124-18\"><use xlink:href=\"#Ikonyicon-Artboard-22\"><\/use><\/svg><\/div><div id=\"text_block-125-18\" class=\"ct-text-block kitchen-feature__txt\" >Micro-onde<\/div><\/li><li id=\"div_block-126-18\" class=\"ct-div-block kitchen-feature\" ><div id=\"fancy_icon-127-18\" class=\"ct-fancy-icon kitchen-feature__icon\" ><svg id=\"svg-fancy_icon-127-18\"><use xlink:href=\"#FontAwesomeicon-th-large\"><\/use><\/svg><\/div><div id=\"text_block-128-18\" class=\"ct-text-block kitchen-feature__txt\" >Plaque \u00e0 induction<\/div><\/li><li id=\"div_block-129-18\" class=\"ct-div-block kitchen-feature\" ><div id=\"fancy_icon-130-18\" class=\"ct-fancy-icon kitchen-feature__icon\" ><svg id=\"svg-fancy_icon-130-18\"><use xlink:href=\"#Ikonyicon-Artboard-20\"><\/use><\/svg><\/div><div id=\"text_block-131-18\" class=\"ct-text-block kitchen-feature__txt\" >Four<\/div><\/li><li id=\"div_block-132-18\" class=\"ct-div-block kitchen-feature\" ><div id=\"fancy_icon-133-18\" class=\"ct-fancy-icon kitchen-feature__icon\" ><svg id=\"svg-fancy_icon-133-18\"><use xlink:href=\"#Ikonyicon-Cutlery\"><\/use><\/svg><\/div><div id=\"text_block-134-18\" class=\"ct-text-block kitchen-feature__txt\" >Couverts<\/div><\/li><li id=\"div_block-135-18\" class=\"ct-div-block kitchen-feature\" ><div id=\"fancy_icon-136-18\" class=\"ct-fancy-icon kitchen-feature__icon\" ><svg id=\"svg-fancy_icon-136-18\"><use xlink:href=\"#Ikonyicon-breakfast-included\"><\/use><\/svg><\/div><div id=\"text_block-137-18\" class=\"ct-text-block kitchen-feature__txt\" >Assiettes<\/div><\/li><li id=\"div_block-138-18\" class=\"ct-div-block kitchen-feature\" ><div id=\"fancy_icon-139-18\" class=\"ct-fancy-icon kitchen-feature__icon\" ><svg id=\"svg-fancy_icon-139-18\"><use xlink:href=\"#Ikonyicon-Artboard-122\"><\/use><\/svg><\/div><div id=\"text_block-140-18\" class=\"ct-text-block kitchen-feature__txt\" >Verres\/ verres \u00e0 vin\/pintes<\/div><\/li><li id=\"div_block-148-18\" class=\"ct-div-block kitchen-feature\" ><div id=\"fancy_icon-149-18\" class=\"ct-fancy-icon kitchen-feature__icon\" ><svg id=\"svg-fancy_icon-149-18\"><use xlink:href=\"#Ikonyicon-breakfast-included\"><\/use><\/svg><\/div><div id=\"text_block-150-18\" class=\"ct-text-block kitchen-feature__txt\" >Pots, casseroles<\/div><\/li><li id=\"div_block-151-18\" class=\"ct-div-block kitchen-feature\" ><div id=\"fancy_icon-152-18\" class=\"ct-fancy-icon kitchen-feature__icon\" ><svg id=\"svg-fancy_icon-152-18\"><use xlink:href=\"#Ikonyicon-electric-kettle\"><\/use><\/svg><\/div><div id=\"text_block-153-18\" class=\"ct-text-block kitchen-feature__txt\" >Bouilloire \u00e9l\u00e9ctrique<\/div><\/li><li id=\"div_block-157-18\" class=\"ct-div-block kitchen-feature\" ><div id=\"fancy_icon-158-18\" class=\"ct-fancy-icon kitchen-feature__icon\" ><svg id=\"svg-fancy_icon-158-18\"><use xlink:href=\"#FontAwesomeicon-pagelines\"><\/use><\/svg><\/div><div id=\"text_block-159-18\" class=\"ct-text-block kitchen-feature__txt\" >\u00e9pices<\/div><\/li><li id=\"div_block-212-18\" class=\"ct-div-block kitchen-feature\" ><div id=\"fancy_icon-213-18\" class=\"ct-fancy-icon kitchen-feature__icon\" ><svg id=\"svg-fancy_icon-213-18\"><use xlink:href=\"#FontAwesomeicon-coffee\"><\/use><\/svg><\/div><div id=\"text_block-214-18\" class=\"ct-text-block kitchen-feature__txt\" >Herbata\/kawa<\/div><\/li><li id=\"div_block-226-18\" class=\"ct-div-block kitchen-feature\" ><div id=\"fancy_icon-227-18\" class=\"ct-fancy-icon kitchen-feature__icon\" ><svg id=\"svg-fancy_icon-227-18\"><use xlink:href=\"#FontAwesomeicon-coffee\"><\/use><\/svg><\/div><div id=\"text_block-228-18\" class=\"ct-text-block kitchen-feature__txt\" >Ekspres do kawy<\/div><\/li><li id=\"div_block-160-18\" class=\"ct-div-block kitchen-feature\" ><div id=\"fancy_icon-161-18\" class=\"ct-fancy-icon kitchen-feature__icon\" ><svg id=\"svg-fancy_icon-161-18\"><use xlink:href=\"#Ikonyicon-Cleaning-Service\"><\/use><\/svg><\/div><div id=\"text_block-162-18\" class=\"ct-text-block kitchen-feature__txt\" >Produits de nettoyage de base<\/div><\/li><li id=\"div_block-199-18\" class=\"ct-div-block kitchen-feature\" ><div id=\"fancy_icon-200-18\" class=\"ct-fancy-icon kitchen-feature__icon\" ><svg id=\"svg-fancy_icon-200-18\"><use xlink:href=\"#FontAwesomeicon-user-md\"><\/use><\/svg><\/div><div id=\"text_block-201-18\" class=\"ct-text-block kitchen-feature__txt\" >Trousse de premiers secours<\/div><\/li><\/ul><\/div><\/div><\/section>","protected":false},"excerpt":{"rendered":"","protected":false},"author":3,"featured_media":0,"parent":0,"menu_order":0,"comment_status":"closed","ping_status":"closed","template":"","meta":{"_acf_changed":false,"footnotes":""},"class_list":["post-18","page","type-page","status-publish","hentry"],"acf":[],"yoast_head":"<!-- This site is optimized with the Yoast SEO plugin v23.3 - https:\/\/yoast.com\/wordpress\/plugins\/seo\/ -->\n<title>Wn\u0119trza - Adam\u00f3wka Smerek<\/title>\n<meta name=\"robots\" content=\"index, follow, max-snippet:-1, max-image-preview:large, max-video-preview:-1\" \/>\n<link rel=\"canonical\" href=\"https:\/\/adamowkasmerek.pl\/fr\/wnetrza\/\" \/>\n<meta property=\"og:locale\" content=\"fr_FR\" \/>\n<meta property=\"og:type\" content=\"article\" \/>\n<meta property=\"og:title\" content=\"Wn\u0119trza - Adam\u00f3wka Smerek\" \/>\n<meta property=\"og:url\" content=\"https:\/\/adamowkasmerek.pl\/fr\/wnetrza\/\" \/>\n<meta property=\"og:site_name\" content=\"Adam\u00f3wka Smerek\" \/>\n<meta property=\"article:modified_time\" content=\"2023-05-12T12:54:39+00:00\" \/>\n<meta name=\"twitter:card\" content=\"summary_large_image\" \/>\n<script type=\"application\/ld+json\" class=\"yoast-schema-graph\">{\"@context\":\"https:\/\/schema.org\",\"@graph\":[{\"@type\":\"WebPage\",\"@id\":\"https:\/\/adamowkasmerek.pl\/wnetrza\/\",\"url\":\"https:\/\/adamowkasmerek.pl\/wnetrza\/\",\"name\":\"Wn\u0119trza - Adam\u00f3wka Smerek\",\"isPartOf\":{\"@id\":\"https:\/\/adamowkasmerek.pl\/#website\"},\"datePublished\":\"2022-02-08T13:45:57+00:00\",\"dateModified\":\"2023-05-12T12:54:39+00:00\",\"breadcrumb\":{\"@id\":\"https:\/\/adamowkasmerek.pl\/wnetrza\/#breadcrumb\"},\"inLanguage\":\"fr-FR\",\"potentialAction\":[{\"@type\":\"ReadAction\",\"target\":[\"https:\/\/adamowkasmerek.pl\/wnetrza\/\"]}]},{\"@type\":\"BreadcrumbList\",\"@id\":\"https:\/\/adamowkasmerek.pl\/wnetrza\/#breadcrumb\",\"itemListElement\":[{\"@type\":\"ListItem\",\"position\":1,\"name\":\"Strona g\u0142\u00f3wna\",\"item\":\"https:\/\/adamowkasmerek.pl\/\"},{\"@type\":\"ListItem\",\"position\":2,\"name\":\"Wn\u0119trza\"}]},{\"@type\":\"WebSite\",\"@id\":\"https:\/\/adamowkasmerek.pl\/#website\",\"url\":\"https:\/\/adamowkasmerek.pl\/\",\"name\":\"Adam\u00f3wka Smerek\",\"description\":\"Noclegi w Bieszczadach\",\"potentialAction\":[{\"@type\":\"SearchAction\",\"target\":{\"@type\":\"EntryPoint\",\"urlTemplate\":\"https:\/\/adamowkasmerek.pl\/?s={search_term_string}\"},\"query-input\":\"required name=search_term_string\"}],\"inLanguage\":\"fr-FR\"}]}<\/script>\n<!-- \/ Yoast SEO plugin. -->","yoast_head_json":{"title":"Wn\u0119trza - Adam\u00f3wka Smerek","robots":{"index":"index","follow":"follow","max-snippet":"max-snippet:-1","max-image-preview":"max-image-preview:large","max-video-preview":"max-video-preview:-1"},"canonical":"https:\/\/adamowkasmerek.pl\/fr\/wnetrza\/","og_locale":"fr_FR","og_type":"article","og_title":"Wn\u0119trza - Adam\u00f3wka Smerek","og_url":"https:\/\/adamowkasmerek.pl\/fr\/wnetrza\/","og_site_name":"Adam\u00f3wka Smerek","article_modified_time":"2023-05-12T12:54:39+00:00","twitter_card":"summary_large_image","schema":{"@context":"https:\/\/schema.org","@graph":[{"@type":"WebPage","@id":"https:\/\/adamowkasmerek.pl\/wnetrza\/","url":"https:\/\/adamowkasmerek.pl\/wnetrza\/","name":"Wn\u0119trza - Adam\u00f3wka Smerek","isPartOf":{"@id":"https:\/\/adamowkasmerek.pl\/#website"},"datePublished":"2022-02-08T13:45:57+00:00","dateModified":"2023-05-12T12:54:39+00:00","breadcrumb":{"@id":"https:\/\/adamowkasmerek.pl\/wnetrza\/#breadcrumb"},"inLanguage":"fr-FR","potentialAction":[{"@type":"ReadAction","target":["https:\/\/adamowkasmerek.pl\/wnetrza\/"]}]},{"@type":"BreadcrumbList","@id":"https:\/\/adamowkasmerek.pl\/wnetrza\/#breadcrumb","itemListElement":[{"@type":"ListItem","position":1,"name":"Strona g\u0142\u00f3wna","item":"https:\/\/adamowkasmerek.pl\/"},{"@type":"ListItem","position":2,"name":"Wn\u0119trza"}]},{"@type":"WebSite","@id":"https:\/\/adamowkasmerek.pl\/#website","url":"https:\/\/adamowkasmerek.pl\/","name":"Adam\u00f3wka Smerek","description":"Noclegi w Bieszczadach","potentialAction":[{"@type":"SearchAction","target":{"@type":"EntryPoint","urlTemplate":"https:\/\/adamowkasmerek.pl\/?s={search_term_string}"},"query-input":"required name=search_term_string"}],"inLanguage":"fr-FR"}]}},"_links":{"self":[{"href":"https:\/\/adamowkasmerek.pl\/fr\/wp-json\/wp\/v2\/pages\/18"}],"collection":[{"href":"https:\/\/adamowkasmerek.pl\/fr\/wp-json\/wp\/v2\/pages"}],"about":[{"href":"https:\/\/adamowkasmerek.pl\/fr\/wp-json\/wp\/v2\/types\/page"}],"author":[{"embeddable":true,"href":"https:\/\/adamowkasmerek.pl\/fr\/wp-json\/wp\/v2\/users\/3"}],"replies":[{"embeddable":true,"href":"https:\/\/adamowkasmerek.pl\/fr\/wp-json\/wp\/v2\/comments?post=18"}],"version-history":[{"count":25,"href":"https:\/\/adamowkasmerek.pl\/fr\/wp-json\/wp\/v2\/pages\/18\/revisions"}],"predecessor-version":[{"id":422,"href":"https:\/\/adamowkasmerek.pl\/fr\/wp-json\/wp\/v2\/pages\/18\/revisions\/422"}],"wp:attachment":[{"href":"https:\/\/adamowkasmerek.pl\/fr\/wp-json\/wp\/v2\/media?parent=18"}],"curies":[{"name":"wp","href":"https:\/\/api.w.org\/{rel}","templated":true}]}}