{"id":22,"date":"2022-02-08T14:48:20","date_gmt":"2022-02-08T13:48:20","guid":{"rendered":"https:\/\/adamowkasmerek.pl\/?page_id=22"},"modified":"2024-04-30T17:22:20","modified_gmt":"2024-04-30T15:22:20","slug":"okolica","status":"publish","type":"page","link":"https:\/\/adamowkasmerek.pl\/fr\/okolica\/","title":{"rendered":"Les alentours"},"content":{"rendered":"<p><\/p>\n\n\n<section id=\"section-2-22\" class=\"ct-section\" ><div class=\"ct-section-inner-wrap\"><div id=\"div_block-8-22\" class=\"ct-div-block\" ><div id=\"text_block-9-22\" class=\"ct-text-block section-title\" >Sauna&amp;Balia<br><\/div><div id=\"text_block-10-22\" class=\"ct-text-block txt-dist\" >Zone de D\u00e9tente Adam\u00f3wka<\/div><div id=\"text_block-11-22\" class=\"ct-text-block txt\" >A cot\u00e9 de la maison se trouve un petit chalet en bois pour les enfants, un gazebot couvert en bois et un endroit pour un feu de camp + un barbecue. En plus, on trouvera de jolis meubles en bois sur les terasses et un hamac entres les arbres.<div><br>Nos h\u00f4tes ont \u00e0 leur disposition un parking pour 3 v\u00e9hicules, v\u00e9los et traineaux pour les enfants en hiver.<\/div><\/div><div id=\"div_block-55-22\" class=\"ct-div-block welcomeMessage\" ><div id=\"div_block-56-22\" class=\"ct-div-block img-circle\" ><img decoding=\"async\"  id=\"image-57-22\" alt=\"\" src=\"https:\/\/adamowkasmerek.pl\/wp-content\/uploads\/2022\/02\/Ewa-Adamowka-Smerek.jpg\" class=\"ct-image cover-img\"\/><\/div><div id=\"text_block-58-22\" class=\"ct-text-block txt bold welcomeMessage-txt\" >Soyez les bienvenus, je vous souhaite un excellent s\u00e9jour dans les montagnes de Bieszczady.<br><\/div><\/div><\/div>\n\t\t<div id=\"-carousel-builder-49-22\" class=\"oxy-carousel-builder\" ><div class=\"oxy-carousel-builder_inner oxy-inner-content\" data-prev=\".oxy-carousel-builder_prev\" data-next=\".oxy-carousel-builder_next\" data-contain=\"true\" data-percent=\"true\" data-freescroll=\"false\" data-draggable=\"true\" data-wraparound=\"true\" data-carousel=\".oxy-dynamic-list\" data-cell=\"\" data-dragthreshold=\"3\" data-selectedattraction=\"0.025\" data-friction=\"0.28\" data-freescrollfriction=\"0.075\" data-forceheight=\"false\" data-fade=\"true\" data-tickerpause=\"true\" data-groupcells=\"1\" data-autoplay=\"4000\" data-pauseautoplay=\"true\" data-hash=\"false\" data-initial=\"1\" data-accessibility=\"true\" data-cellalign=\"left\" data-righttoleft=\"false\" data-images-loaded=\"true\" data-pagedots=\"false\" data-trigger-aos=\"false\" data-clickselect=\"false\" data-tick=\"false\" ><div id=\"_dynamic_list-50-22\" class=\"oxy-dynamic-list\"><div id=\"div_block-51-22-1\" class=\"ct-div-block cell-about\" style=\"background-image:url(https:\/\/adamowkasmerek.pl\/wp-content\/uploads\/2022\/02\/Adamowka-Smerek-dom-caloroczny-w-Bieszczadach-z-widokiem-na-poloniny-taras-z-pieknym-widokiem-na-poloniny-1920-min.jpg);background-size: cover;\" data-id=\"div_block-51-22\"><\/div><div id=\"div_block-51-22-2\" class=\"ct-div-block cell-about\" style=\"background-image:url(https:\/\/adamowkasmerek.pl\/wp-content\/uploads\/2022\/02\/Adamowka-Smerek-dom-w-Bieszczadach-drewniany-taras-meble-z-bala-1920-min.jpg);background-size: cover;\" data-id=\"div_block-51-22\"><\/div><div id=\"div_block-51-22-3\" class=\"ct-div-block cell-about\" style=\"background-image:url(https:\/\/adamowkasmerek.pl\/wp-content\/uploads\/2022\/02\/Adamowka-Smerek-dom-w-Bieszczadach-sypialnia-z-widokiem-na-gory-min.jpg);background-size: cover;\" data-id=\"div_block-51-22\"><\/div><\/div>\n<\/div><div class=\"oxy-carousel-builder_icon oxy-carousel-builder_prev\"><svg id=\"prev-carousel-builder-49-22\"><use xlink:href=\"#FontAwesomeicon-chevron-left\"><\/use><\/svg><\/span><\/div><div class=\"oxy-carousel-builder_icon oxy-carousel-builder_next\"><svg id=\"next-carousel-builder-49-22\"><use xlink:href=\"#FontAwesomeicon-chevron-right\"><\/use><\/svg><\/span><\/div><\/div>\n\n\t\t<\/div><\/section><section id=\"section-17-22\" class=\"ct-section\" ><div class=\"ct-section-inner-wrap\"><div id=\"text_block-18-22\" class=\"ct-text-block section-title\" >Que faire aux alentours?<\/div><div id=\"div_block-23-22\" class=\"ct-div-block\" ><div id=\"text_block-21-22\" class=\"ct-text-block txt\" >Les amoureux de randonn\u00e9e vont adorer cet endroit. En effet Adam\u00f3wka se trouve tout pr\u00e8s des sentiers de randonn\u00e9e les plus connus. Pour les touristes qui pr\u00e9f\u00e8rent un autre moyen de passer leur temps libre nous proposons des attractions locales.<\/div><\/div><div id=\"div_block-25-22\" class=\"ct-div-block\" ><div id=\"div_block-26-22\" class=\"ct-div-block tile\" ><img decoding=\"async\"  id=\"image-28-22\" alt=\"\" src=\"https:\/\/adamowkasmerek.pl\/wp-content\/uploads\/2022\/02\/minAtrakcje.jpg\" class=\"ct-image cover-img\"\/><a id=\"div_block-29-22\" class=\"ct-link tile-frame\" href=\"https:\/\/adamowkasmerek.pl\/fr\/atrakcje\/\" target=\"_self\"  ><div id=\"text_block-30-22\" class=\"ct-text-block tile-title\" >Attractions<\/div><div id=\"div_block-34-22\" class=\"ct-div-block deco-container\" ><div id=\"div_block-38-22\" class=\"ct-div-block deco-line\" ><\/div><div id=\"div_block-39-22\" class=\"ct-div-block deco-square\" ><\/div><div id=\"div_block-37-22\" class=\"ct-div-block deco-line\" ><\/div><\/div><\/a><\/div><div id=\"div_block-41-22\" class=\"ct-div-block tile\" ><img decoding=\"async\"  id=\"image-42-22\" alt=\"\" src=\"https:\/\/adamowkasmerek.pl\/wp-content\/uploads\/2022\/02\/minSzlaki.jpg\" class=\"ct-image cover-img\"\/><a id=\"div_block-43-22\" class=\"ct-link tile-frame\" href=\"https:\/\/adamowkasmerek.pl\/fr\/szlaki\/\" target=\"_self\"  ><div id=\"text_block-44-22\" class=\"ct-text-block tile-title\" >Pistes<\/div><div id=\"div_block-45-22\" class=\"ct-div-block deco-container\" ><div id=\"div_block-46-22\" class=\"ct-div-block deco-line\" ><\/div><div id=\"div_block-47-22\" class=\"ct-div-block deco-square\" ><\/div><div id=\"div_block-48-22\" class=\"ct-div-block deco-line\" ><\/div><\/div><\/a><\/div><\/div><\/div><\/section>","protected":false},"excerpt":{"rendered":"","protected":false},"author":3,"featured_media":0,"parent":0,"menu_order":0,"comment_status":"closed","ping_status":"closed","template":"","meta":{"_acf_changed":false,"footnotes":""},"class_list":["post-22","page","type-page","status-publish","hentry"],"acf":[],"yoast_head":"<!-- This site is optimized with the Yoast SEO plugin v23.3 - https:\/\/yoast.com\/wordpress\/plugins\/seo\/ -->\n<title>Sauna&amp;Balia - Adam\u00f3wka Smerek<\/title>\n<meta name=\"robots\" content=\"index, follow, max-snippet:-1, max-image-preview:large, max-video-preview:-1\" \/>\n<link rel=\"canonical\" href=\"https:\/\/adamowkasmerek.pl\/fr\/okolica\/\" \/>\n<meta property=\"og:locale\" content=\"fr_FR\" \/>\n<meta property=\"og:type\" content=\"article\" \/>\n<meta property=\"og:title\" content=\"Sauna&amp;Balia - Adam\u00f3wka Smerek\" \/>\n<meta property=\"og:url\" content=\"https:\/\/adamowkasmerek.pl\/fr\/okolica\/\" \/>\n<meta property=\"og:site_name\" content=\"Adam\u00f3wka Smerek\" \/>\n<meta property=\"article:modified_time\" content=\"2024-04-30T15:22:20+00:00\" \/>\n<meta name=\"twitter:card\" content=\"summary_large_image\" \/>\n<script type=\"application\/ld+json\" class=\"yoast-schema-graph\">{\"@context\":\"https:\/\/schema.org\",\"@graph\":[{\"@type\":\"WebPage\",\"@id\":\"https:\/\/adamowkasmerek.pl\/okolica\/\",\"url\":\"https:\/\/adamowkasmerek.pl\/okolica\/\",\"name\":\"Sauna&Balia - Adam\u00f3wka Smerek\",\"isPartOf\":{\"@id\":\"https:\/\/adamowkasmerek.pl\/#website\"},\"datePublished\":\"2022-02-08T13:48:20+00:00\",\"dateModified\":\"2024-04-30T15:22:20+00:00\",\"breadcrumb\":{\"@id\":\"https:\/\/adamowkasmerek.pl\/okolica\/#breadcrumb\"},\"inLanguage\":\"fr-FR\",\"potentialAction\":[{\"@type\":\"ReadAction\",\"target\":[\"https:\/\/adamowkasmerek.pl\/okolica\/\"]}]},{\"@type\":\"BreadcrumbList\",\"@id\":\"https:\/\/adamowkasmerek.pl\/okolica\/#breadcrumb\",\"itemListElement\":[{\"@type\":\"ListItem\",\"position\":1,\"name\":\"Strona g\u0142\u00f3wna\",\"item\":\"https:\/\/adamowkasmerek.pl\/\"},{\"@type\":\"ListItem\",\"position\":2,\"name\":\"Sauna&#038;Balia\"}]},{\"@type\":\"WebSite\",\"@id\":\"https:\/\/adamowkasmerek.pl\/#website\",\"url\":\"https:\/\/adamowkasmerek.pl\/\",\"name\":\"Adam\u00f3wka Smerek\",\"description\":\"Noclegi w Bieszczadach\",\"potentialAction\":[{\"@type\":\"SearchAction\",\"target\":{\"@type\":\"EntryPoint\",\"urlTemplate\":\"https:\/\/adamowkasmerek.pl\/?s={search_term_string}\"},\"query-input\":\"required name=search_term_string\"}],\"inLanguage\":\"fr-FR\"}]}<\/script>\n<!-- \/ Yoast SEO plugin. -->","yoast_head_json":{"title":"Sauna&Balia - Adam\u00f3wka Smerek","robots":{"index":"index","follow":"follow","max-snippet":"max-snippet:-1","max-image-preview":"max-image-preview:large","max-video-preview":"max-video-preview:-1"},"canonical":"https:\/\/adamowkasmerek.pl\/fr\/okolica\/","og_locale":"fr_FR","og_type":"article","og_title":"Sauna&Balia - Adam\u00f3wka Smerek","og_url":"https:\/\/adamowkasmerek.pl\/fr\/okolica\/","og_site_name":"Adam\u00f3wka Smerek","article_modified_time":"2024-04-30T15:22:20+00:00","twitter_card":"summary_large_image","schema":{"@context":"https:\/\/schema.org","@graph":[{"@type":"WebPage","@id":"https:\/\/adamowkasmerek.pl\/okolica\/","url":"https:\/\/adamowkasmerek.pl\/okolica\/","name":"Sauna&Balia - Adam\u00f3wka Smerek","isPartOf":{"@id":"https:\/\/adamowkasmerek.pl\/#website"},"datePublished":"2022-02-08T13:48:20+00:00","dateModified":"2024-04-30T15:22:20+00:00","breadcrumb":{"@id":"https:\/\/adamowkasmerek.pl\/okolica\/#breadcrumb"},"inLanguage":"fr-FR","potentialAction":[{"@type":"ReadAction","target":["https:\/\/adamowkasmerek.pl\/okolica\/"]}]},{"@type":"BreadcrumbList","@id":"https:\/\/adamowkasmerek.pl\/okolica\/#breadcrumb","itemListElement":[{"@type":"ListItem","position":1,"name":"Strona g\u0142\u00f3wna","item":"https:\/\/adamowkasmerek.pl\/"},{"@type":"ListItem","position":2,"name":"Sauna&#038;Balia"}]},{"@type":"WebSite","@id":"https:\/\/adamowkasmerek.pl\/#website","url":"https:\/\/adamowkasmerek.pl\/","name":"Adam\u00f3wka Smerek","description":"Noclegi w Bieszczadach","potentialAction":[{"@type":"SearchAction","target":{"@type":"EntryPoint","urlTemplate":"https:\/\/adamowkasmerek.pl\/?s={search_term_string}"},"query-input":"required name=search_term_string"}],"inLanguage":"fr-FR"}]}},"_links":{"self":[{"href":"https:\/\/adamowkasmerek.pl\/fr\/wp-json\/wp\/v2\/pages\/22"}],"collection":[{"href":"https:\/\/adamowkasmerek.pl\/fr\/wp-json\/wp\/v2\/pages"}],"about":[{"href":"https:\/\/adamowkasmerek.pl\/fr\/wp-json\/wp\/v2\/types\/page"}],"author":[{"embeddable":true,"href":"https:\/\/adamowkasmerek.pl\/fr\/wp-json\/wp\/v2\/users\/3"}],"replies":[{"embeddable":true,"href":"https:\/\/adamowkasmerek.pl\/fr\/wp-json\/wp\/v2\/comments?post=22"}],"version-history":[{"count":8,"href":"https:\/\/adamowkasmerek.pl\/fr\/wp-json\/wp\/v2\/pages\/22\/revisions"}],"predecessor-version":[{"id":439,"href":"https:\/\/adamowkasmerek.pl\/fr\/wp-json\/wp\/v2\/pages\/22\/revisions\/439"}],"wp:attachment":[{"href":"https:\/\/adamowkasmerek.pl\/fr\/wp-json\/wp\/v2\/media?parent=22"}],"curies":[{"name":"wp","href":"https:\/\/api.w.org\/{rel}","templated":true}]}}