{"id":265,"date":"2022-02-22T15:04:31","date_gmt":"2022-02-22T14:04:31","guid":{"rendered":"https:\/\/adamowkasmerek.pl\/?page_id=265"},"modified":"2024-04-30T14:19:23","modified_gmt":"2024-04-30T12:19:23","slug":"cennik","status":"publish","type":"page","link":"https:\/\/adamowkasmerek.pl\/fr\/cennik\/","title":{"rendered":"Devis"},"content":{"rendered":"<section id=\"section-2-265\" class=\"ct-section\" style=\"background-image:linear-gradient(rgba(0,0,0,0.2), rgba(0,0,0,0.2)), url(https:\/\/adamowkasmerek.pl\/wp-content\/uploads\/2022\/02\/panoramicView.jpg);background-size:auto,  cover;\" ><div class=\"ct-section-inner-wrap\"><div id=\"text_block-3-265\" class=\"ct-text-block hero-title\" >Devis<\/div><\/div><\/section><section id=\"section-5-265\" class=\"ct-section\" ><div class=\"ct-section-inner-wrap\"><div id=\"div_block-6-265\" class=\"ct-div-block\" ><article id=\"div_block-220-265\" class=\"ct-div-block price-list-container\" ><div id=\"text_block-7-265\" class=\"ct-text-block section-title\" >Adam\u00f3wka Smerek, une maison dans les montagnes de Bieszczady, Pologne<br><\/div><ul id=\"div_block-12-265\" class=\"ct-div-block price-list\" ><li id=\"div_block-15-265\" class=\"ct-div-block price-item price-item--legend\" ><div id=\"div_block-18-265\" class=\"ct-div-block price-item-title\" ><div id=\"text_block-19-265\" class=\"ct-text-block txt txt--bold txt--big white\" >S\u00e9jour\/D\u00e9lais<\/div><\/div><div id=\"div_block-22-265\" class=\"ct-div-block price-item-price\" ><div id=\"text_block-23-265\" class=\"ct-text-block txt txt--bold white\" >Prix<\/div><\/div><\/li><li id=\"div_block-27-265\" class=\"ct-div-block price-item\" ><div id=\"div_block-28-265\" class=\"ct-div-block price-item-title\" ><div id=\"text_block-29-265\" class=\"ct-text-block txt txt--bold txt--big\" >Prix jusqu\u2019\u00e0 4 personnes<\/div><div id=\"text_block-143-265\" class=\"ct-text-block txt txt--price-date\" >&nbsp;(dur\u00e9e minimale de s\u00e9jour \u2013 3 jours)<\/div><\/div><div id=\"div_block-32-265\" class=\"ct-div-block price-item-price\" ><div id=\"text_block-33-265\" class=\"ct-text-block txt txt--bold txt--big\" >650z\u0142\/nuit<\/div><\/div><\/li><li id=\"div_block-36-265\" class=\"ct-div-block price-item\" ><div id=\"div_block-37-265\" class=\"ct-div-block price-item-title\" ><div id=\"text_block-38-265\" class=\"ct-text-block txt txt--bold txt--big\" >Prix jusqu\u2019\u00e0 7 personnes<\/div><div id=\"text_block-144-265\" class=\"ct-text-block txt txt--price-date\" >&nbsp;(dur\u00e9e minimale de s\u00e9jour \u2013 3 jours)<\/div><\/div><div id=\"div_block-41-265\" class=\"ct-div-block price-item-price\" ><div id=\"text_block-42-265\" class=\"ct-text-block txt txt--bold txt--big\" >800z\u0142\/nuit<\/div><\/div><\/li><\/ul><\/article><div id=\"div_block-245-265\" class=\"ct-div-block nf-button reservation__btn\"  data-adult_count=\"2\" data-offset_top=\"50px\" data-offset_bottom=\"50px\" data-offset_left=\"10%\" data-offset_right=\"10%\" data-settings-id=\"1038\"><div id=\"text_block-246-265\" class=\"ct-text-block\" >R\u00e9server<br><\/div><\/div><article id=\"div_block-259-265\" class=\"ct-div-block price-list-container\" ><ul id=\"div_block-261-265\" class=\"ct-div-block price-list\" ><li id=\"div_block-262-265\" class=\"ct-div-block price-item price-item--legend\" ><div id=\"div_block-263-265\" class=\"ct-div-block price-item-title\" ><div id=\"text_block-264-265\" class=\"ct-text-block txt txt--bold txt--big white\" >Rodzaj<\/div><\/div><div id=\"div_block-265-265\" class=\"ct-div-block price-item-price\" ><div id=\"text_block-266-265\" class=\"ct-text-block txt txt--bold white\" >Prix<\/div><\/div><\/li><li id=\"div_block-267-265\" class=\"ct-div-block price-item\" ><div id=\"div_block-268-265\" class=\"ct-div-block price-item-title\" ><div id=\"text_block-269-265\" class=\"ct-text-block txt txt--bold txt--big\" >Sauna<\/div><div id=\"text_block-270-265\" class=\"ct-text-block txt txt--price-date\" >nagrzanie Sauny i skorzystanie wedle potrzeby<\/div><\/div><div id=\"div_block-271-265\" class=\"ct-div-block price-item-price\" ><div id=\"text_block-272-265\" class=\"ct-text-block txt txt--bold txt--big\" >100z\u0142<\/div><\/div><\/li><li id=\"div_block-273-265\" class=\"ct-div-block price-item\" ><div id=\"div_block-274-265\" class=\"ct-div-block price-item-title\" ><div id=\"text_block-275-265\" class=\"ct-text-block txt txt--bold txt--big\" >Balia<\/div><div id=\"text_block-276-265\" class=\"ct-text-block txt txt--price-date\" >nagrzanie Balii i seans do 2h<\/div><\/div><div id=\"div_block-277-265\" class=\"ct-div-block price-item-price\" ><div id=\"text_block-278-265\" class=\"ct-text-block txt txt--bold txt--big\" >150z\u0142<\/div><\/div><\/li><li id=\"div_block-283-265\" class=\"ct-div-block price-item\" ><div id=\"div_block-284-265\" class=\"ct-div-block price-item-title\" ><div id=\"text_block-285-265\" class=\"ct-text-block txt txt--bold txt--big\" >Saun\u0119 i Bali\u0119 uruchamia Gospodarz, zdalnie, przez Aplikacj\u0119, na um\u00f3wion\u0105 wcze\u015bniej godzin\u0119.<\/div><\/div><\/li><\/ul><\/article><article id=\"div_block-225-265\" class=\"ct-div-block price-list-container\" ><div id=\"text_block-215-265\" class=\"ct-text-block section-title\" >Dates sp\u00e9ciales<\/div><div id=\"text_block-218-265\" class=\"ct-text-block txt\" >prix fixe, qui ne d\u00e9pend pas du nombre de personnes<\/div><ul id=\"div_block-161-265\" class=\"ct-div-block price-list\" ><li id=\"div_block-162-265\" class=\"ct-div-block price-item price-item--legend\" ><div id=\"div_block-163-265\" class=\"ct-div-block price-item-title\" ><div id=\"text_block-164-265\" class=\"ct-text-block txt txt--bold txt--big white\" >D\u00e9lais<\/div><\/div><div id=\"div_block-165-265\" class=\"ct-div-block price-item-price\" ><div id=\"text_block-166-265\" class=\"ct-text-block txt txt--bold white\" >Prix<\/div><\/div><\/li><li id=\"div_block-179-265\" class=\"ct-div-block price-item\" ><div id=\"div_block-180-265\" class=\"ct-div-block price-item-title\" ><div id=\"text_block-181-265\" class=\"ct-text-block txt txt--bold txt--big\" >No\u00ebl<\/div><div id=\"text_block-182-265\" class=\"ct-text-block txt txt--price-date\" >&nbsp;\u00a022.12-28-12 (dur\u00e9e minimale de s\u00e9jour \u2013 6 jours)<\/div><\/div><div id=\"div_block-183-265\" class=\"ct-div-block price-item-price\" ><div id=\"text_block-184-265\" class=\"ct-text-block txt txt--bold txt--big\" >1000 z\u0142\/nuit<\/div><\/div><\/li><li id=\"div_block-185-265\" class=\"ct-div-block price-item\" ><div id=\"div_block-186-265\" class=\"ct-div-block price-item-title\" ><div id=\"text_block-187-265\" class=\"ct-text-block txt txt--bold txt--big\" >Saint-Sylvestre<\/div><div id=\"text_block-188-265\" class=\"ct-text-block txt txt--price-date\" >28.12-02-01 (dur\u00e9e minimale de s\u00e9jour \u2013 5 jours)<\/div><\/div><div id=\"div_block-189-265\" class=\"ct-div-block price-item-price\" ><div id=\"text_block-190-265\" class=\"ct-text-block txt txt--bold txt--big\" >1450 z\u0142\/nuit<\/div><\/div><\/li><li id=\"div_block-191-265\" class=\"ct-div-block price-item\" ><div id=\"div_block-192-265\" class=\"ct-div-block price-item-title\" ><div id=\"text_block-193-265\" class=\"ct-text-block txt txt--bold txt--big\" >Vacances d\u2019hiver<\/div><div id=\"text_block-194-265\" class=\"ct-text-block txt txt--price-date\" >18.01-28.02 (dur\u00e9e minimale de s\u00e9jour \u2013 6 jours)&nbsp;<\/div><\/div><div id=\"div_block-195-265\" class=\"ct-div-block price-item-price\" ><div id=\"text_block-196-265\" class=\"ct-text-block txt txt--bold txt--big\" >900 z\u0142\/nuit<\/div><\/div><\/li><li id=\"div_block-197-265\" class=\"ct-div-block price-item\" ><div id=\"div_block-198-265\" class=\"ct-div-block price-item-title\" ><div id=\"text_block-199-265\" class=\"ct-text-block txt txt--bold txt--big\" >F\u00eate du travail<\/div><div id=\"text_block-200-265\" class=\"ct-text-block txt txt--price-date\" >30.04-05.05\u00a0(dur\u00e9e minimale de s\u00e9jour \u2013 5 jours)<\/div><\/div><div id=\"div_block-201-265\" class=\"ct-div-block price-item-price\" ><div id=\"text_block-202-265\" class=\"ct-text-block txt txt--bold txt--big\" >1000 z\u0142\/nuit<\/div><\/div><\/li><li id=\"div_block-203-265\" class=\"ct-div-block price-item\" ><div id=\"div_block-204-265\" class=\"ct-div-block price-item-title\" ><div id=\"text_block-205-265\" class=\"ct-text-block txt txt--bold txt--big\" >Vacances<\/div><div id=\"text_block-206-265\" class=\"ct-text-block txt txt--price-date\" >27.06-31.08 (dur\u00e9e minimale de s\u00e9jour \u2013 6 jours)<\/div><\/div><div id=\"div_block-207-265\" class=\"ct-div-block price-item-price\" ><div id=\"text_block-208-265\" class=\"ct-text-block txt txt--bold txt--big\" >900 z\u0142\/nuit<\/div><\/div><\/li><\/ul><\/article><div id=\"div_block-243-265\" class=\"ct-div-block nf-button reservation__btn\"  data-adult_count=\"2\" data-offset_top=\"50px\" data-offset_bottom=\"50px\" data-offset_left=\"10%\" data-offset_right=\"10%\" data-settings-id=\"1038\"><div id=\"text_block-244-265\" class=\"ct-text-block\" >R\u00e9server<br><\/div><\/div><article id=\"div_block-312-265\" class=\"ct-div-block price-list-container\" ><ul id=\"div_block-313-265\" class=\"ct-div-block price-list\" ><li id=\"div_block-314-265\" class=\"ct-div-block price-item price-item--legend\" ><div id=\"div_block-315-265\" class=\"ct-div-block price-item-title\" ><div id=\"text_block-316-265\" class=\"ct-text-block txt txt--bold txt--big white\" >Rodzaj<\/div><\/div><div id=\"div_block-317-265\" class=\"ct-div-block price-item-price\" ><div id=\"text_block-318-265\" class=\"ct-text-block txt txt--bold white\" >Prix<\/div><\/div><\/li><li id=\"div_block-319-265\" class=\"ct-div-block price-item\" ><div id=\"div_block-320-265\" class=\"ct-div-block price-item-title\" ><div id=\"text_block-321-265\" class=\"ct-text-block txt txt--bold txt--big\" >Sauna<\/div><div id=\"text_block-322-265\" class=\"ct-text-block txt txt--price-date\" >nagrzanie Sauny i skorzystanie wedle potrzeby<\/div><\/div><div id=\"div_block-323-265\" class=\"ct-div-block price-item-price\" ><div id=\"text_block-324-265\" class=\"ct-text-block txt txt--bold txt--big\" >100z\u0142<\/div><\/div><\/li><li id=\"div_block-325-265\" class=\"ct-div-block price-item\" ><div id=\"div_block-326-265\" class=\"ct-div-block price-item-title\" ><div id=\"text_block-327-265\" class=\"ct-text-block txt txt--bold txt--big\" >Balia<\/div><div id=\"text_block-328-265\" class=\"ct-text-block txt txt--price-date\" >nagrzanie Balii i seans do 2h<\/div><\/div><div id=\"div_block-329-265\" class=\"ct-div-block price-item-price\" ><div id=\"text_block-330-265\" class=\"ct-text-block txt txt--bold txt--big\" >150z\u0142<\/div><\/div><\/li><li id=\"div_block-331-265\" class=\"ct-div-block price-item\" ><div id=\"div_block-332-265\" class=\"ct-div-block price-item-title\" ><div id=\"text_block-333-265\" class=\"ct-text-block txt txt--bold txt--big\" >Saun\u0119 i Bali\u0119 uruchamia Gospodarz, zdalnie, przez Aplikacj\u0119, na um\u00f3wion\u0105 wcze\u015bniej godzin\u0119.<\/div><\/div><\/li><\/ul><\/article><\/div><\/div><\/section><section id=\"section-103-265\" class=\"ct-section\" ><div class=\"ct-section-inner-wrap\"><div id=\"div_block-104-265\" class=\"ct-div-block\" ><div id=\"text_block-105-265\" class=\"ct-text-block section-title\" >Informations suppl\u00e9mentaires<br><\/div><div id=\"text_block-107-265\" class=\"ct-text-block txt-dist\" >Moyens de r\u00e9servation:<\/div><div id=\"div_block-111-265\" class=\"ct-div-block\" ><div id=\"div_block-115-265\" class=\"ct-div-block nf-button\"  data-adult_count=\"7\" data-offset_top=\"10%\" data-offset_bottom=\"10%\" data-offset_left=\"50px\" data-offset_right=\"50px\" data-settings-id=\"1038\"><div id=\"text_block-113-265\" class=\"ct-text-block btn-underline--dark\" >Par site internet<\/div><\/div><a id=\"link_text-118-265\" class=\"ct-link-text btn-underline--dark all\" href=\"tel: 48 516 169 491\" target=\"_self\"  >Par t\u00e9l\u00e9phone <span id=\"span-120-265\" class=\"ct-span\" >+48 516 169 491<\/span><\/a><a id=\"link_text-241-265\" class=\"ct-link-text btn-underline--dark swedish-only\" href=\"tel: 46 702 135 709\" target=\"_self\"  >Par t\u00e9l\u00e9phone <span id=\"span-242-265\" class=\"ct-span\" >+48 516 169 491<\/span><\/a><a id=\"link_text-122-265\" class=\"ct-link-text btn-underline--dark\" href=\"mailto:adamowka.smerek@interia.pl\" target=\"_self\"  >Par e-mail <span id=\"span-123-265\" class=\"ct-span\" >adamowka.smerek@interia.pl<\/span><\/a><div id=\"text_block-127-265\" class=\"ct-text-block btn-underline--dark\" >Par e-mail<\/div><\/div><div id=\"div_block-137-265\" class=\"ct-div-block\" ><div id=\"div_block-238-265\" class=\"ct-div-block\" ><div id=\"text_block-136-265\" class=\"ct-text-block txt-dist txt--bold\" >Nous n\u2019acceptons pas les animaux de compagnie<\/div><\/div><div id=\"text_block-131-265\" class=\"ct-text-block txt translation-block\" >Un acompte est exig\u00e9 au moment de la r\u00e9servation. L\u2019acompte est payable dans les 3 jours ouvrables \u00e0 partir la date de r\u00e9servation et il correspond \u00e0 50% de la somme totale de la r\u00e9servation. Le montant restant sera \u00e0 r\u00e9gler le premier jour du s\u00e9jour, en esp\u00e8ces. <br><br>\nL\u2019acompte n\u2019est pas remboursable sauf si l\u2019annulation du s\u00e9jour a lieu au moins 30 jours avant la date du d\u00e9but du s\u00e9jour. Si c\u2019est le cas, 50% de l\u2018acompte vous seront rembours\u00e9s. Dans les cas o\u00f9 un s\u00e9jour ne peut pas \u00eatre assur\u00e9 par la faute du propri\u00e9taire, l\u2019acompte est rembours\u00e9 dans sa totalit\u00e9. <br> <br>\nLa nuit  commence \u00e0 16:00h le jour d\u2019arriv\u00e9e et finit \u00e0 10:00h le jour qui suit.\nDans la mesure du possible et apr\u00e8s un accord pr\u00e9alable, des horaires d\u2019arriv\u00e9e et de d\u00e9part plus flexibles peuvent cependant \u00eatre propos\u00e9s \u00e0 nos h\u00f4tes.<\/div><\/div><\/div><\/div><\/section>","protected":false},"excerpt":{"rendered":"","protected":false},"author":3,"featured_media":262,"parent":0,"menu_order":0,"comment_status":"closed","ping_status":"closed","template":"","meta":{"_acf_changed":false,"footnotes":""},"class_list":["post-265","page","type-page","status-publish","has-post-thumbnail","hentry"],"acf":[],"yoast_head":"<!-- This site is optimized with the Yoast SEO plugin v23.3 - https:\/\/yoast.com\/wordpress\/plugins\/seo\/ -->\n<title>Cennik - Adam\u00f3wka Smerek<\/title>\n<meta name=\"robots\" content=\"index, follow, max-snippet:-1, max-image-preview:large, max-video-preview:-1\" \/>\n<link rel=\"canonical\" href=\"https:\/\/adamowkasmerek.pl\/fr\/cennik\/\" \/>\n<meta property=\"og:locale\" content=\"fr_FR\" \/>\n<meta property=\"og:type\" content=\"article\" \/>\n<meta property=\"og:title\" content=\"Cennik - Adam\u00f3wka Smerek\" \/>\n<meta property=\"og:url\" content=\"https:\/\/adamowkasmerek.pl\/fr\/cennik\/\" \/>\n<meta property=\"og:site_name\" content=\"Adam\u00f3wka Smerek\" \/>\n<meta property=\"article:modified_time\" content=\"2024-04-30T12:19:23+00:00\" \/>\n<meta property=\"og:image\" content=\"https:\/\/adamowkasmerek.pl\/wp-content\/uploads\/2022\/02\/panoramicView.jpg\" \/>\n\t<meta property=\"og:image:width\" content=\"2500\" \/>\n\t<meta property=\"og:image:height\" content=\"557\" \/>\n\t<meta property=\"og:image:type\" content=\"image\/jpeg\" \/>\n<meta name=\"twitter:card\" content=\"summary_large_image\" \/>\n<script type=\"application\/ld+json\" class=\"yoast-schema-graph\">{\"@context\":\"https:\/\/schema.org\",\"@graph\":[{\"@type\":\"WebPage\",\"@id\":\"https:\/\/adamowkasmerek.pl\/cennik\/\",\"url\":\"https:\/\/adamowkasmerek.pl\/cennik\/\",\"name\":\"Cennik - Adam\u00f3wka Smerek\",\"isPartOf\":{\"@id\":\"https:\/\/adamowkasmerek.pl\/#website\"},\"primaryImageOfPage\":{\"@id\":\"https:\/\/adamowkasmerek.pl\/cennik\/#primaryimage\"},\"image\":{\"@id\":\"https:\/\/adamowkasmerek.pl\/cennik\/#primaryimage\"},\"thumbnailUrl\":\"https:\/\/adamowkasmerek.pl\/wp-content\/uploads\/2022\/02\/panoramicView.jpg\",\"datePublished\":\"2022-02-22T14:04:31+00:00\",\"dateModified\":\"2024-04-30T12:19:23+00:00\",\"breadcrumb\":{\"@id\":\"https:\/\/adamowkasmerek.pl\/cennik\/#breadcrumb\"},\"inLanguage\":\"fr-FR\",\"potentialAction\":[{\"@type\":\"ReadAction\",\"target\":[\"https:\/\/adamowkasmerek.pl\/cennik\/\"]}]},{\"@type\":\"ImageObject\",\"inLanguage\":\"fr-FR\",\"@id\":\"https:\/\/adamowkasmerek.pl\/cennik\/#primaryimage\",\"url\":\"https:\/\/adamowkasmerek.pl\/wp-content\/uploads\/2022\/02\/panoramicView.jpg\",\"contentUrl\":\"https:\/\/adamowkasmerek.pl\/wp-content\/uploads\/2022\/02\/panoramicView.jpg\",\"width\":2500,\"height\":557},{\"@type\":\"BreadcrumbList\",\"@id\":\"https:\/\/adamowkasmerek.pl\/cennik\/#breadcrumb\",\"itemListElement\":[{\"@type\":\"ListItem\",\"position\":1,\"name\":\"Strona g\u0142\u00f3wna\",\"item\":\"https:\/\/adamowkasmerek.pl\/\"},{\"@type\":\"ListItem\",\"position\":2,\"name\":\"Cennik\"}]},{\"@type\":\"WebSite\",\"@id\":\"https:\/\/adamowkasmerek.pl\/#website\",\"url\":\"https:\/\/adamowkasmerek.pl\/\",\"name\":\"Adam\u00f3wka Smerek\",\"description\":\"Noclegi w Bieszczadach\",\"potentialAction\":[{\"@type\":\"SearchAction\",\"target\":{\"@type\":\"EntryPoint\",\"urlTemplate\":\"https:\/\/adamowkasmerek.pl\/?s={search_term_string}\"},\"query-input\":\"required name=search_term_string\"}],\"inLanguage\":\"fr-FR\"}]}<\/script>\n<!-- \/ Yoast SEO plugin. -->","yoast_head_json":{"title":"Cennik - Adam\u00f3wka Smerek","robots":{"index":"index","follow":"follow","max-snippet":"max-snippet:-1","max-image-preview":"max-image-preview:large","max-video-preview":"max-video-preview:-1"},"canonical":"https:\/\/adamowkasmerek.pl\/fr\/cennik\/","og_locale":"fr_FR","og_type":"article","og_title":"Cennik - Adam\u00f3wka Smerek","og_url":"https:\/\/adamowkasmerek.pl\/fr\/cennik\/","og_site_name":"Adam\u00f3wka Smerek","article_modified_time":"2024-04-30T12:19:23+00:00","og_image":[{"width":2500,"height":557,"url":"https:\/\/adamowkasmerek.pl\/wp-content\/uploads\/2022\/02\/panoramicView.jpg","type":"image\/jpeg"}],"twitter_card":"summary_large_image","schema":{"@context":"https:\/\/schema.org","@graph":[{"@type":"WebPage","@id":"https:\/\/adamowkasmerek.pl\/cennik\/","url":"https:\/\/adamowkasmerek.pl\/cennik\/","name":"Cennik - Adam\u00f3wka Smerek","isPartOf":{"@id":"https:\/\/adamowkasmerek.pl\/#website"},"primaryImageOfPage":{"@id":"https:\/\/adamowkasmerek.pl\/cennik\/#primaryimage"},"image":{"@id":"https:\/\/adamowkasmerek.pl\/cennik\/#primaryimage"},"thumbnailUrl":"https:\/\/adamowkasmerek.pl\/wp-content\/uploads\/2022\/02\/panoramicView.jpg","datePublished":"2022-02-22T14:04:31+00:00","dateModified":"2024-04-30T12:19:23+00:00","breadcrumb":{"@id":"https:\/\/adamowkasmerek.pl\/cennik\/#breadcrumb"},"inLanguage":"fr-FR","potentialAction":[{"@type":"ReadAction","target":["https:\/\/adamowkasmerek.pl\/cennik\/"]}]},{"@type":"ImageObject","inLanguage":"fr-FR","@id":"https:\/\/adamowkasmerek.pl\/cennik\/#primaryimage","url":"https:\/\/adamowkasmerek.pl\/wp-content\/uploads\/2022\/02\/panoramicView.jpg","contentUrl":"https:\/\/adamowkasmerek.pl\/wp-content\/uploads\/2022\/02\/panoramicView.jpg","width":2500,"height":557},{"@type":"BreadcrumbList","@id":"https:\/\/adamowkasmerek.pl\/cennik\/#breadcrumb","itemListElement":[{"@type":"ListItem","position":1,"name":"Strona g\u0142\u00f3wna","item":"https:\/\/adamowkasmerek.pl\/"},{"@type":"ListItem","position":2,"name":"Cennik"}]},{"@type":"WebSite","@id":"https:\/\/adamowkasmerek.pl\/#website","url":"https:\/\/adamowkasmerek.pl\/","name":"Adam\u00f3wka Smerek","description":"Noclegi w Bieszczadach","potentialAction":[{"@type":"SearchAction","target":{"@type":"EntryPoint","urlTemplate":"https:\/\/adamowkasmerek.pl\/?s={search_term_string}"},"query-input":"required name=search_term_string"}],"inLanguage":"fr-FR"}]}},"_links":{"self":[{"href":"https:\/\/adamowkasmerek.pl\/fr\/wp-json\/wp\/v2\/pages\/265"}],"collection":[{"href":"https:\/\/adamowkasmerek.pl\/fr\/wp-json\/wp\/v2\/pages"}],"about":[{"href":"https:\/\/adamowkasmerek.pl\/fr\/wp-json\/wp\/v2\/types\/page"}],"author":[{"embeddable":true,"href":"https:\/\/adamowkasmerek.pl\/fr\/wp-json\/wp\/v2\/users\/3"}],"replies":[{"embeddable":true,"href":"https:\/\/adamowkasmerek.pl\/fr\/wp-json\/wp\/v2\/comments?post=265"}],"version-history":[{"count":3,"href":"https:\/\/adamowkasmerek.pl\/fr\/wp-json\/wp\/v2\/pages\/265\/revisions"}],"predecessor-version":[{"id":437,"href":"https:\/\/adamowkasmerek.pl\/fr\/wp-json\/wp\/v2\/pages\/265\/revisions\/437"}],"wp:featuredmedia":[{"embeddable":true,"href":"https:\/\/adamowkasmerek.pl\/fr\/wp-json\/wp\/v2\/media\/262"}],"wp:attachment":[{"href":"https:\/\/adamowkasmerek.pl\/fr\/wp-json\/wp\/v2\/media?parent=265"}],"curies":[{"name":"wp","href":"https:\/\/api.w.org\/{rel}","templated":true}]}}